{"id":95,"date":"2022-11-17T16:18:38","date_gmt":"2022-11-17T15:18:38","guid":{"rendered":"http:\/\/usryoga.fr\/?page_id=95"},"modified":"2026-02-06T11:10:51","modified_gmt":"2026-02-06T10:10:51","slug":"planning","status":"publish","type":"page","link":"https:\/\/usryoga.fr\/index.php\/planning\/","title":{"rendered":"Planning"},"content":{"rendered":"\n<div class=\"inherit-container-width wp-block-group has-border-color has-luminous-vivid-orange-border-color has-ast-global-color-1-background-color has-background is-layout-constrained wp-block-group-is-layout-constrained\" style=\"border-width:3px;border-radius:50px\">\n<div class=\"wp-block-group alignfull is-layout-constrained wp-block-group-is-layout-constrained\">\n<h3 class=\"wp-block-heading alignfull has-text-align-left has-luminous-vivid-orange-color has-text-color\">Planning des cours saison 2025-2026<\/h3>\n\n\n\n<p class=\"has-luminous-vivid-orange-color has-text-color has-medium-font-size\"><strong>D\u00e9but des cours lundi 08 septembre 202<\/strong>5<br>1 cours d&rsquo;essai gratuit seulement lors de la semaine du 08 septembre<\/p>\n\n\n\n<div class=\"wp-block-columns is-layout-flex wp-container-core-columns-is-layout-28f84493 wp-block-columns-is-layout-flex\">\n<div class=\"wp-block-column is-layout-flow wp-block-column-is-layout-flow\">\n<figure style=\"margin-top:0;margin-right:0;margin-bottom:0;margin-left:0;padding-top:0;padding-right:0;padding-bottom:0;padding-left:0;line-height:1\" class=\"wp-block-table\"><table><tbody><tr><td><strong>LUNDI \u00e0 la <strong>MDA espace Rosa Bonheur<\/strong> salle Pietragalla<\/strong><br><br><strong>Prof : Caroline<\/strong><\/td><\/tr><tr><td>1<sup>er<\/sup> cours de 19h00 \u00e0 20h00<\/td><\/tr><tr><td>2<sup>eme<\/sup> cours de 20h15 \u00e0 21h15<\/td><\/tr><\/tbody><\/table><\/figure>\n\n\n\n<figure style=\"margin-top:0;margin-right:0;margin-bottom:0;margin-left:0;line-height:1\" class=\"wp-block-table\"><table><tbody><tr><td><strong>MARDI \u00e0 la salle Claude Pat\u00e9<\/strong><br><br><strong>Prof : Laura<\/strong><\/td><\/tr><tr><td>  Cours de 10h30 \u00e0 11h30<\/td><\/tr><\/tbody><\/table><\/figure>\n\n\n\n<figure style=\"margin-top:0;margin-right:0;margin-bottom:0;margin-left:0;line-height:1\" class=\"wp-block-table\"><table><tbody><tr><td><strong><strong>JEUDI \u00e0 la <strong>MDA espace Rosa Bonheur<\/strong><\/strong> salle Pietragalla<\/strong><br><br><strong>Prof : Liza<\/strong><\/td><\/tr><tr><td>  Cours de 10h30 \u00e0 11h30<\/td><\/tr><\/tbody><\/table><\/figure>\n\n\n\n<figure style=\"margin-top:0;margin-right:0;margin-bottom:0;margin-left:0;line-height:1\" class=\"wp-block-table\"><table><tbody><tr><td><strong>JEUDI \u00e0 la salle Claude Pat\u00e9<\/strong><br><br><strong>Prof : Liza<\/strong><\/td><\/tr><tr><td>1<sup>er<\/sup> cours de 19h00 \u00e0 20h00<\/td><\/tr><tr><td>2<sup>eme<\/sup> cours de 20h15 \u00e0 21h15<\/td><\/tr><\/tbody><\/table><\/figure>\n\n\n\n<figure style=\"margin-top:0;margin-right:0;margin-bottom:0;margin-left:0;line-height:1\" class=\"wp-block-table\"><table><tbody><tr><td><strong><strong><strong>VENDREDI \u00e0 la salle Claude Pat\u00e9<\/strong><\/strong><\/strong><br><br><strong>Prof : G\u00e9rard<\/strong><\/td><\/tr><tr><td>Cours de yoga sur chaise de 10h30 \u00e0 11h30<\/td><\/tr><\/tbody><\/table><\/figure>\n<\/div>\n\n\n\n<div class=\"wp-block-column is-vertically-aligned-center is-layout-flow wp-block-column-is-layout-flow\">\n<div class=\"wp-block-buttons is-content-justification-center is-layout-flex wp-container-core-buttons-is-layout-84cf7f1f wp-block-buttons-is-layout-flex\" style=\"margin-top:0;margin-bottom:0\">\n<div class=\"wp-block-button\"><a class=\"wp-block-button__link wp-element-button\" href=\"https:\/\/usryoga.fr\/index.php\/adresses-des-salles\/\" style=\"border-radius:20px\">Adresses des salles<\/a><\/div>\n<\/div>\n<\/div>\n<\/div>\n<\/div>\n<\/div>\n","protected":false},"excerpt":{"rendered":"<p>Planning des cours saison 2025-2026 D\u00e9but des cours lundi 08 septembre 20251 cours d&rsquo;essai gratuit seulement lors de la semaine du 08 septembre LUNDI \u00e0 la MDA espace Rosa Bonheur salle Pietragalla Prof : Caroline 1er cours de 19h00 \u00e0 20h00 2eme cours de 20h15 \u00e0 21h15 MARDI \u00e0 la salle Claude Pat\u00e9 Prof : [&hellip;]<\/p>\n","protected":false},"author":1,"featured_media":0,"parent":0,"menu_order":0,"comment_status":"closed","ping_status":"closed","template":"","meta":{"_uag_custom_page_level_css":"","site-sidebar-layout":"default","site-content-layout":"","ast-site-content-layout":"default","site-content-style":"default","site-sidebar-style":"default","ast-global-header-display":"","ast-banner-title-visibility":"","ast-main-header-display":"","ast-hfb-above-header-display":"","ast-hfb-below-header-display":"","ast-hfb-mobile-header-display":"","site-post-title":"disabled","ast-breadcrumbs-content":"","ast-featured-img":"","footer-sml-layout":"","ast-disable-related-posts":"","theme-transparent-header-meta":"","adv-header-id-meta":"","stick-header-meta":"","header-above-stick-meta":"","header-main-stick-meta":"","header-below-stick-meta":"","astra-migrate-meta-layouts":"set","ast-page-background-enabled":"default","ast-page-background-meta":{"desktop":{"background-color":"var(--ast-global-color-4)","background-image":"","background-repeat":"repeat","background-position":"center center","background-size":"auto","background-attachment":"scroll","background-type":"","background-media":"","overlay-type":"","overlay-color":"","overlay-opacity":"","overlay-gradient":""},"tablet":{"background-color":"","background-image":"","background-repeat":"repeat","background-position":"center center","background-size":"auto","background-attachment":"scroll","background-type":"","background-media":"","overlay-type":"","overlay-color":"","overlay-opacity":"","overlay-gradient":""},"mobile":{"background-color":"","background-image":"","background-repeat":"repeat","background-position":"center center","background-size":"auto","background-attachment":"scroll","background-type":"","background-media":"","overlay-type":"","overlay-color":"","overlay-opacity":"","overlay-gradient":""}},"ast-content-background-meta":{"desktop":{"background-color":"var(--ast-global-color-5)","background-image":"","background-repeat":"repeat","background-position":"center center","background-size":"auto","background-attachment":"scroll","background-type":"","background-media":"","overlay-type":"","overlay-color":"","overlay-opacity":"","overlay-gradient":""},"tablet":{"background-color":"var(--ast-global-color-5)","background-image":"","background-repeat":"repeat","background-position":"center center","background-size":"auto","background-attachment":"scroll","background-type":"","background-media":"","overlay-type":"","overlay-color":"","overlay-opacity":"","overlay-gradient":""},"mobile":{"background-color":"var(--ast-global-color-5)","background-image":"","background-repeat":"repeat","background-position":"center center","background-size":"auto","background-attachment":"scroll","background-type":"","background-media":"","overlay-type":"","overlay-color":"","overlay-opacity":"","overlay-gradient":""}},"footnotes":""},"class_list":["post-95","page","type-page","status-publish","hentry"],"yoast_head":"<!-- This site is optimized with the Yoast SEO plugin v27.4 - https:\/\/yoast.com\/product\/yoast-seo-wordpress\/ -->\n<title>Planning - USR Yoga<\/title>\n<meta name=\"robots\" content=\"index, follow, max-snippet:-1, max-image-preview:large, max-video-preview:-1\" \/>\n<link rel=\"canonical\" href=\"https:\/\/usryoga.fr\/index.php\/planning\/\" \/>\n<meta property=\"og:locale\" content=\"fr_FR\" \/>\n<meta property=\"og:type\" content=\"article\" \/>\n<meta property=\"og:title\" content=\"Planning - USR Yoga\" \/>\n<meta property=\"og:description\" content=\"Planning des cours saison 2025-2026 D\u00e9but des cours lundi 08 septembre 20251 cours d&rsquo;essai gratuit seulement lors de la semaine du 08 septembre LUNDI \u00e0 la MDA espace Rosa Bonheur salle Pietragalla Prof : Caroline 1er cours de 19h00 \u00e0 20h00 2eme cours de 20h15 \u00e0 21h15 MARDI \u00e0 la salle Claude Pat\u00e9 Prof : [&hellip;]\" \/>\n<meta property=\"og:url\" content=\"https:\/\/usryoga.fr\/index.php\/planning\/\" \/>\n<meta property=\"og:site_name\" content=\"USR Yoga\" \/>\n<meta property=\"article:modified_time\" content=\"2026-02-06T10:10:51+00:00\" \/>\n<meta name=\"twitter:card\" content=\"summary_large_image\" \/>\n<meta name=\"twitter:label1\" content=\"Dur\u00e9e de lecture estim\u00e9e\" \/>\n\t<meta name=\"twitter:data1\" content=\"1 minute\" \/>\n<script type=\"application\/ld+json\" class=\"yoast-schema-graph\">{\"@context\":\"https:\\\/\\\/schema.org\",\"@graph\":[{\"@type\":\"WebPage\",\"@id\":\"https:\\\/\\\/usryoga.fr\\\/index.php\\\/planning\\\/\",\"url\":\"https:\\\/\\\/usryoga.fr\\\/index.php\\\/planning\\\/\",\"name\":\"Planning - USR Yoga\",\"isPartOf\":{\"@id\":\"https:\\\/\\\/usryoga.fr\\\/#website\"},\"datePublished\":\"2022-11-17T15:18:38+00:00\",\"dateModified\":\"2026-02-06T10:10:51+00:00\",\"breadcrumb\":{\"@id\":\"https:\\\/\\\/usryoga.fr\\\/index.php\\\/planning\\\/#breadcrumb\"},\"inLanguage\":\"fr-FR\",\"potentialAction\":[{\"@type\":\"ReadAction\",\"target\":[\"https:\\\/\\\/usryoga.fr\\\/index.php\\\/planning\\\/\"]}]},{\"@type\":\"BreadcrumbList\",\"@id\":\"https:\\\/\\\/usryoga.fr\\\/index.php\\\/planning\\\/#breadcrumb\",\"itemListElement\":[{\"@type\":\"ListItem\",\"position\":1,\"name\":\"Accueil\",\"item\":\"https:\\\/\\\/usryoga.fr\\\/\"},{\"@type\":\"ListItem\",\"position\":2,\"name\":\"Planning\"}]},{\"@type\":\"WebSite\",\"@id\":\"https:\\\/\\\/usryoga.fr\\\/#website\",\"url\":\"https:\\\/\\\/usryoga.fr\\\/\",\"name\":\"USR Yoga, cours de yoga \u00e0 Roissy en Brie\",\"description\":\"\",\"publisher\":{\"@id\":\"https:\\\/\\\/usryoga.fr\\\/#organization\"},\"potentialAction\":[{\"@type\":\"SearchAction\",\"target\":{\"@type\":\"EntryPoint\",\"urlTemplate\":\"https:\\\/\\\/usryoga.fr\\\/?s={search_term_string}\"},\"query-input\":{\"@type\":\"PropertyValueSpecification\",\"valueRequired\":true,\"valueName\":\"search_term_string\"}}],\"inLanguage\":\"fr-FR\"},{\"@type\":\"Organization\",\"@id\":\"https:\\\/\\\/usryoga.fr\\\/#organization\",\"name\":\"USR Yoga\",\"url\":\"https:\\\/\\\/usryoga.fr\\\/\",\"logo\":{\"@type\":\"ImageObject\",\"inLanguage\":\"fr-FR\",\"@id\":\"https:\\\/\\\/usryoga.fr\\\/#\\\/schema\\\/logo\\\/image\\\/\",\"url\":\"https:\\\/\\\/usryoga.fr\\\/wp-content\\\/uploads\\\/2022\\\/10\\\/LogoYoga-V.png\",\"contentUrl\":\"https:\\\/\\\/usryoga.fr\\\/wp-content\\\/uploads\\\/2022\\\/10\\\/LogoYoga-V.png\",\"width\":663,\"height\":660,\"caption\":\"USR Yoga\"},\"image\":{\"@id\":\"https:\\\/\\\/usryoga.fr\\\/#\\\/schema\\\/logo\\\/image\\\/\"}}]}<\/script>\n<!-- \/ Yoast SEO plugin. -->","yoast_head_json":{"title":"Planning - USR Yoga","robots":{"index":"index","follow":"follow","max-snippet":"max-snippet:-1","max-image-preview":"max-image-preview:large","max-video-preview":"max-video-preview:-1"},"canonical":"https:\/\/usryoga.fr\/index.php\/planning\/","og_locale":"fr_FR","og_type":"article","og_title":"Planning - USR Yoga","og_description":"Planning des cours saison 2025-2026 D\u00e9but des cours lundi 08 septembre 20251 cours d&rsquo;essai gratuit seulement lors de la semaine du 08 septembre LUNDI \u00e0 la MDA espace Rosa Bonheur salle Pietragalla Prof : Caroline 1er cours de 19h00 \u00e0 20h00 2eme cours de 20h15 \u00e0 21h15 MARDI \u00e0 la salle Claude Pat\u00e9 Prof : [&hellip;]","og_url":"https:\/\/usryoga.fr\/index.php\/planning\/","og_site_name":"USR Yoga","article_modified_time":"2026-02-06T10:10:51+00:00","twitter_card":"summary_large_image","twitter_misc":{"Dur\u00e9e de lecture estim\u00e9e":"1 minute"},"schema":{"@context":"https:\/\/schema.org","@graph":[{"@type":"WebPage","@id":"https:\/\/usryoga.fr\/index.php\/planning\/","url":"https:\/\/usryoga.fr\/index.php\/planning\/","name":"Planning - USR Yoga","isPartOf":{"@id":"https:\/\/usryoga.fr\/#website"},"datePublished":"2022-11-17T15:18:38+00:00","dateModified":"2026-02-06T10:10:51+00:00","breadcrumb":{"@id":"https:\/\/usryoga.fr\/index.php\/planning\/#breadcrumb"},"inLanguage":"fr-FR","potentialAction":[{"@type":"ReadAction","target":["https:\/\/usryoga.fr\/index.php\/planning\/"]}]},{"@type":"BreadcrumbList","@id":"https:\/\/usryoga.fr\/index.php\/planning\/#breadcrumb","itemListElement":[{"@type":"ListItem","position":1,"name":"Accueil","item":"https:\/\/usryoga.fr\/"},{"@type":"ListItem","position":2,"name":"Planning"}]},{"@type":"WebSite","@id":"https:\/\/usryoga.fr\/#website","url":"https:\/\/usryoga.fr\/","name":"USR Yoga, cours de yoga \u00e0 Roissy en Brie","description":"","publisher":{"@id":"https:\/\/usryoga.fr\/#organization"},"potentialAction":[{"@type":"SearchAction","target":{"@type":"EntryPoint","urlTemplate":"https:\/\/usryoga.fr\/?s={search_term_string}"},"query-input":{"@type":"PropertyValueSpecification","valueRequired":true,"valueName":"search_term_string"}}],"inLanguage":"fr-FR"},{"@type":"Organization","@id":"https:\/\/usryoga.fr\/#organization","name":"USR Yoga","url":"https:\/\/usryoga.fr\/","logo":{"@type":"ImageObject","inLanguage":"fr-FR","@id":"https:\/\/usryoga.fr\/#\/schema\/logo\/image\/","url":"https:\/\/usryoga.fr\/wp-content\/uploads\/2022\/10\/LogoYoga-V.png","contentUrl":"https:\/\/usryoga.fr\/wp-content\/uploads\/2022\/10\/LogoYoga-V.png","width":663,"height":660,"caption":"USR Yoga"},"image":{"@id":"https:\/\/usryoga.fr\/#\/schema\/logo\/image\/"}}]}},"uagb_featured_image_src":{"full":false,"thumbnail":false,"medium":false,"medium_large":false,"large":false,"1536x1536":false,"2048x2048":false},"uagb_author_info":{"display_name":"admin3140","author_link":"https:\/\/usryoga.fr\/index.php\/author\/admin3140\/"},"uagb_comment_info":0,"uagb_excerpt":"Planning des cours saison 2025-2026 D\u00e9but des cours lundi 08 septembre 20251 cours d&rsquo;essai gratuit seulement lors de la semaine du 08 septembre LUNDI \u00e0 la MDA espace Rosa Bonheur salle Pietragalla Prof : Caroline 1er cours de 19h00 \u00e0 20h00 2eme cours de 20h15 \u00e0 21h15 MARDI \u00e0 la salle Claude Pat\u00e9 Prof :\u2026","_links":{"self":[{"href":"https:\/\/usryoga.fr\/index.php\/wp-json\/wp\/v2\/pages\/95","targetHints":{"allow":["GET"]}}],"collection":[{"href":"https:\/\/usryoga.fr\/index.php\/wp-json\/wp\/v2\/pages"}],"about":[{"href":"https:\/\/usryoga.fr\/index.php\/wp-json\/wp\/v2\/types\/page"}],"author":[{"embeddable":true,"href":"https:\/\/usryoga.fr\/index.php\/wp-json\/wp\/v2\/users\/1"}],"replies":[{"embeddable":true,"href":"https:\/\/usryoga.fr\/index.php\/wp-json\/wp\/v2\/comments?post=95"}],"version-history":[{"count":15,"href":"https:\/\/usryoga.fr\/index.php\/wp-json\/wp\/v2\/pages\/95\/revisions"}],"predecessor-version":[{"id":509,"href":"https:\/\/usryoga.fr\/index.php\/wp-json\/wp\/v2\/pages\/95\/revisions\/509"}],"wp:attachment":[{"href":"https:\/\/usryoga.fr\/index.php\/wp-json\/wp\/v2\/media?parent=95"}],"curies":[{"name":"wp","href":"https:\/\/api.w.org\/{rel}","templated":true}]}}