{"id":110,"date":"2022-11-11T17:05:51","date_gmt":"2022-11-11T16:05:51","guid":{"rendered":"http:\/\/usryoga.fr\/?page_id=110"},"modified":"2023-11-22T17:53:16","modified_gmt":"2023-11-22T16:53:16","slug":"contact","status":"publish","type":"page","link":"https:\/\/usryoga.fr\/index.php\/contact\/","title":{"rendered":"Contact"},"content":{"rendered":"\n<div class=\"inherit-container-width wp-block-group has-border-color has-ast-global-color-4-border-color has-luminous-vivid-orange-color has-ast-global-color-1-background-color has-text-color has-background is-layout-constrained wp-block-group-is-layout-constrained\" style=\"border-radius:50px\">\n<div class=\"wp-block-uagb-forms uagb-forms__outer-wrap uagb-block-42fee88f uagb-forms__medium-btn\"><form class=\"uagb-forms-main-form\" method=\"post\" autocomplete=\"on\" name=\"uagb-form-42fee88f\">\n<div class=\"wp-block-uagb-forms-name uagb-forms-name-wrap uagb-forms-field-set uagb-block-50411fa7\"><div class=\"uagb-forms-name-label required uagb-forms-input-label\" id=\"50411fa7\">Pr\u00e9nom<\/div><input type=\"text\" placeholder=\"\" required class=\"uagb-forms-name-input uagb-forms-input\" name=\"50411fa7\" autocomplete=\"given-name\"\/><\/div>\n\n\n\n<div class=\"wp-block-uagb-forms-name uagb-forms-name-wrap uagb-forms-field-set uagb-block-a466b9c4\"><div class=\"uagb-forms-name-label required uagb-forms-input-label\" id=\"a466b9c4\">Nom<\/div><input type=\"text\" placeholder=\"\" required class=\"uagb-forms-name-input uagb-forms-input\" name=\"a466b9c4\" autocomplete=\"family-name\"\/><\/div>\n\n\n\n<div class=\"wp-block-uagb-forms-email uagb-forms-email-wrap uagb-forms-field-set uagb-block-d5ba144c\"><div class=\"uagb-forms-email-label required uagb-forms-input-label\" id=\"d5ba144c\">E-mail<\/div><input type=\"email\" class=\"uagb-forms-email-input uagb-forms-input\" placeholder=\"exemple@mail.com\" required name=\"d5ba144c\" autocomplete=\"email\"\/><\/div>\n\n\n\n<div class=\"wp-block-uagb-forms-textarea uagb-forms-textarea-wrap uagb-forms-field-set uagb-block-b81763a0\"><div class=\"uagb-forms-textarea-label required uagb-forms-input-label\" id=\"b81763a0\">Message<\/div><textarea required class=\"uagb-forms-textarea-input uagb-forms-input\" rows=\"4\" placeholder=\"Saisissez votre message\" name=\"b81763a0\" autocomplete=\"off\"><\/textarea><\/div>\n<div class=\"uagb-forms-form-hidden-data\"><input type=\"hidden\" class=\"uagb_forms_form_label\" value=\"Formulaire Spectra\"\/><input type=\"hidden\" class=\"uagb_forms_form_id\" value=\"uagb-form-42fee88f\"\/><\/div><div class=\"uagb-form-reacaptcha-error-42fee88f\"><\/div><div class=\"uagb-forms-main-submit-button-wrap wp-block-button\"><button class=\"uagb-forms-main-submit-button wp-block-button__link\"><div class=\"uagb-forms-main-submit-button-text\">Envoyer<\/div><\/button><\/div><\/form><div class=\"uagb-forms-success-message-42fee88f uagb-forms-submit-message-hide\"><span>Le formulaire a bien \u00e9t\u00e9 envoy\u00e9\u00a0!<\/span><\/div><div class=\"uagb-forms-failed-message-42fee88f uagb-forms-submit-message-hide\"><span>Une erreur s\u2019est produite lors de l\u2019envoi du formulaire. Veuillez v\u00e9rifier \u00e0 nouveau tous les champs du formulaire.<\/span><\/div><\/div>\n<\/div>\n","protected":false},"excerpt":{"rendered":"","protected":false},"author":1,"featured_media":0,"parent":0,"menu_order":0,"comment_status":"closed","ping_status":"closed","template":"","meta":{"_uag_custom_page_level_css":"","site-sidebar-layout":"default","site-content-layout":"","ast-site-content-layout":"default","site-content-style":"default","site-sidebar-style":"default","ast-global-header-display":"","ast-banner-title-visibility":"","ast-main-header-display":"","ast-hfb-above-header-display":"","ast-hfb-below-header-display":"","ast-hfb-mobile-header-display":"","site-post-title":"disabled","ast-breadcrumbs-content":"","ast-featured-img":"","footer-sml-layout":"","ast-disable-related-posts":"","theme-transparent-header-meta":"","adv-header-id-meta":"","stick-header-meta":"","header-above-stick-meta":"","header-main-stick-meta":"","header-below-stick-meta":"","astra-migrate-meta-layouts":"set","ast-page-background-enabled":"default","ast-page-background-meta":{"desktop":{"background-color":"var(--ast-global-color-4)","background-image":"","background-repeat":"repeat","background-position":"center center","background-size":"auto","background-attachment":"scroll","background-type":"","background-media":"","overlay-type":"","overlay-color":"","overlay-opacity":"","overlay-gradient":""},"tablet":{"background-color":"","background-image":"","background-repeat":"repeat","background-position":"center center","background-size":"auto","background-attachment":"scroll","background-type":"","background-media":"","overlay-type":"","overlay-color":"","overlay-opacity":"","overlay-gradient":""},"mobile":{"background-color":"","background-image":"","background-repeat":"repeat","background-position":"center center","background-size":"auto","background-attachment":"scroll","background-type":"","background-media":"","overlay-type":"","overlay-color":"","overlay-opacity":"","overlay-gradient":""}},"ast-content-background-meta":{"desktop":{"background-color":"var(--ast-global-color-5)","background-image":"","background-repeat":"repeat","background-position":"center center","background-size":"auto","background-attachment":"scroll","background-type":"","background-media":"","overlay-type":"","overlay-color":"","overlay-opacity":"","overlay-gradient":""},"tablet":{"background-color":"var(--ast-global-color-5)","background-image":"","background-repeat":"repeat","background-position":"center center","background-size":"auto","background-attachment":"scroll","background-type":"","background-media":"","overlay-type":"","overlay-color":"","overlay-opacity":"","overlay-gradient":""},"mobile":{"background-color":"var(--ast-global-color-5)","background-image":"","background-repeat":"repeat","background-position":"center center","background-size":"auto","background-attachment":"scroll","background-type":"","background-media":"","overlay-type":"","overlay-color":"","overlay-opacity":"","overlay-gradient":""}},"footnotes":""},"class_list":["post-110","page","type-page","status-publish","hentry"],"yoast_head":"<!-- This site is optimized with the Yoast SEO plugin v27.4 - https:\/\/yoast.com\/product\/yoast-seo-wordpress\/ -->\n<title>Contact - USR Yoga<\/title>\n<meta name=\"robots\" content=\"index, follow, max-snippet:-1, max-image-preview:large, max-video-preview:-1\" \/>\n<link rel=\"canonical\" href=\"https:\/\/usryoga.fr\/index.php\/contact\/\" \/>\n<meta property=\"og:locale\" content=\"fr_FR\" \/>\n<meta property=\"og:type\" content=\"article\" \/>\n<meta property=\"og:title\" content=\"Contact - USR Yoga\" \/>\n<meta property=\"og:url\" content=\"https:\/\/usryoga.fr\/index.php\/contact\/\" \/>\n<meta property=\"og:site_name\" content=\"USR Yoga\" \/>\n<meta property=\"article:modified_time\" content=\"2023-11-22T16:53:16+00:00\" \/>\n<meta name=\"twitter:card\" content=\"summary_large_image\" \/>\n<meta name=\"twitter:label1\" content=\"Dur\u00e9e de lecture estim\u00e9e\" \/>\n\t<meta name=\"twitter:data1\" content=\"1 minute\" \/>\n<script type=\"application\/ld+json\" class=\"yoast-schema-graph\">{\"@context\":\"https:\\\/\\\/schema.org\",\"@graph\":[{\"@type\":\"WebPage\",\"@id\":\"https:\\\/\\\/usryoga.fr\\\/index.php\\\/contact\\\/\",\"url\":\"https:\\\/\\\/usryoga.fr\\\/index.php\\\/contact\\\/\",\"name\":\"Contact - USR Yoga\",\"isPartOf\":{\"@id\":\"https:\\\/\\\/usryoga.fr\\\/#website\"},\"datePublished\":\"2022-11-11T16:05:51+00:00\",\"dateModified\":\"2023-11-22T16:53:16+00:00\",\"breadcrumb\":{\"@id\":\"https:\\\/\\\/usryoga.fr\\\/index.php\\\/contact\\\/#breadcrumb\"},\"inLanguage\":\"fr-FR\",\"potentialAction\":[{\"@type\":\"ReadAction\",\"target\":[\"https:\\\/\\\/usryoga.fr\\\/index.php\\\/contact\\\/\"]}]},{\"@type\":\"BreadcrumbList\",\"@id\":\"https:\\\/\\\/usryoga.fr\\\/index.php\\\/contact\\\/#breadcrumb\",\"itemListElement\":[{\"@type\":\"ListItem\",\"position\":1,\"name\":\"Accueil\",\"item\":\"https:\\\/\\\/usryoga.fr\\\/\"},{\"@type\":\"ListItem\",\"position\":2,\"name\":\"Contact\"}]},{\"@type\":\"WebSite\",\"@id\":\"https:\\\/\\\/usryoga.fr\\\/#website\",\"url\":\"https:\\\/\\\/usryoga.fr\\\/\",\"name\":\"USR Yoga, cours de yoga \u00e0 Roissy en Brie\",\"description\":\"\",\"publisher\":{\"@id\":\"https:\\\/\\\/usryoga.fr\\\/#organization\"},\"potentialAction\":[{\"@type\":\"SearchAction\",\"target\":{\"@type\":\"EntryPoint\",\"urlTemplate\":\"https:\\\/\\\/usryoga.fr\\\/?s={search_term_string}\"},\"query-input\":{\"@type\":\"PropertyValueSpecification\",\"valueRequired\":true,\"valueName\":\"search_term_string\"}}],\"inLanguage\":\"fr-FR\"},{\"@type\":\"Organization\",\"@id\":\"https:\\\/\\\/usryoga.fr\\\/#organization\",\"name\":\"USR Yoga\",\"url\":\"https:\\\/\\\/usryoga.fr\\\/\",\"logo\":{\"@type\":\"ImageObject\",\"inLanguage\":\"fr-FR\",\"@id\":\"https:\\\/\\\/usryoga.fr\\\/#\\\/schema\\\/logo\\\/image\\\/\",\"url\":\"https:\\\/\\\/usryoga.fr\\\/wp-content\\\/uploads\\\/2022\\\/10\\\/LogoYoga-V.png\",\"contentUrl\":\"https:\\\/\\\/usryoga.fr\\\/wp-content\\\/uploads\\\/2022\\\/10\\\/LogoYoga-V.png\",\"width\":663,\"height\":660,\"caption\":\"USR Yoga\"},\"image\":{\"@id\":\"https:\\\/\\\/usryoga.fr\\\/#\\\/schema\\\/logo\\\/image\\\/\"}}]}<\/script>\n<!-- \/ Yoast SEO plugin. -->","yoast_head_json":{"title":"Contact - USR Yoga","robots":{"index":"index","follow":"follow","max-snippet":"max-snippet:-1","max-image-preview":"max-image-preview:large","max-video-preview":"max-video-preview:-1"},"canonical":"https:\/\/usryoga.fr\/index.php\/contact\/","og_locale":"fr_FR","og_type":"article","og_title":"Contact - USR Yoga","og_url":"https:\/\/usryoga.fr\/index.php\/contact\/","og_site_name":"USR Yoga","article_modified_time":"2023-11-22T16:53:16+00:00","twitter_card":"summary_large_image","twitter_misc":{"Dur\u00e9e de lecture estim\u00e9e":"1 minute"},"schema":{"@context":"https:\/\/schema.org","@graph":[{"@type":"WebPage","@id":"https:\/\/usryoga.fr\/index.php\/contact\/","url":"https:\/\/usryoga.fr\/index.php\/contact\/","name":"Contact - USR Yoga","isPartOf":{"@id":"https:\/\/usryoga.fr\/#website"},"datePublished":"2022-11-11T16:05:51+00:00","dateModified":"2023-11-22T16:53:16+00:00","breadcrumb":{"@id":"https:\/\/usryoga.fr\/index.php\/contact\/#breadcrumb"},"inLanguage":"fr-FR","potentialAction":[{"@type":"ReadAction","target":["https:\/\/usryoga.fr\/index.php\/contact\/"]}]},{"@type":"BreadcrumbList","@id":"https:\/\/usryoga.fr\/index.php\/contact\/#breadcrumb","itemListElement":[{"@type":"ListItem","position":1,"name":"Accueil","item":"https:\/\/usryoga.fr\/"},{"@type":"ListItem","position":2,"name":"Contact"}]},{"@type":"WebSite","@id":"https:\/\/usryoga.fr\/#website","url":"https:\/\/usryoga.fr\/","name":"USR Yoga, cours de yoga \u00e0 Roissy en Brie","description":"","publisher":{"@id":"https:\/\/usryoga.fr\/#organization"},"potentialAction":[{"@type":"SearchAction","target":{"@type":"EntryPoint","urlTemplate":"https:\/\/usryoga.fr\/?s={search_term_string}"},"query-input":{"@type":"PropertyValueSpecification","valueRequired":true,"valueName":"search_term_string"}}],"inLanguage":"fr-FR"},{"@type":"Organization","@id":"https:\/\/usryoga.fr\/#organization","name":"USR Yoga","url":"https:\/\/usryoga.fr\/","logo":{"@type":"ImageObject","inLanguage":"fr-FR","@id":"https:\/\/usryoga.fr\/#\/schema\/logo\/image\/","url":"https:\/\/usryoga.fr\/wp-content\/uploads\/2022\/10\/LogoYoga-V.png","contentUrl":"https:\/\/usryoga.fr\/wp-content\/uploads\/2022\/10\/LogoYoga-V.png","width":663,"height":660,"caption":"USR Yoga"},"image":{"@id":"https:\/\/usryoga.fr\/#\/schema\/logo\/image\/"}}]}},"uagb_featured_image_src":{"full":false,"thumbnail":false,"medium":false,"medium_large":false,"large":false,"1536x1536":false,"2048x2048":false},"uagb_author_info":{"display_name":"admin3140","author_link":"https:\/\/usryoga.fr\/index.php\/author\/admin3140\/"},"uagb_comment_info":0,"uagb_excerpt":null,"_links":{"self":[{"href":"https:\/\/usryoga.fr\/index.php\/wp-json\/wp\/v2\/pages\/110","targetHints":{"allow":["GET"]}}],"collection":[{"href":"https:\/\/usryoga.fr\/index.php\/wp-json\/wp\/v2\/pages"}],"about":[{"href":"https:\/\/usryoga.fr\/index.php\/wp-json\/wp\/v2\/types\/page"}],"author":[{"embeddable":true,"href":"https:\/\/usryoga.fr\/index.php\/wp-json\/wp\/v2\/users\/1"}],"replies":[{"embeddable":true,"href":"https:\/\/usryoga.fr\/index.php\/wp-json\/wp\/v2\/comments?post=110"}],"version-history":[{"count":12,"href":"https:\/\/usryoga.fr\/index.php\/wp-json\/wp\/v2\/pages\/110\/revisions"}],"predecessor-version":[{"id":394,"href":"https:\/\/usryoga.fr\/index.php\/wp-json\/wp\/v2\/pages\/110\/revisions\/394"}],"wp:attachment":[{"href":"https:\/\/usryoga.fr\/index.php\/wp-json\/wp\/v2\/media?parent=110"}],"curies":[{"name":"wp","href":"https:\/\/api.w.org\/{rel}","templated":true}]}}